{"id":187,"date":"2025-02-05T17:32:35","date_gmt":"2025-02-05T16:32:35","guid":{"rendered":"https:\/\/www.tyzeftcg.fr\/?post_type=product&#038;p=187"},"modified":"2025-04-06T12:26:44","modified_gmt":"2025-04-06T10:26:44","slug":"magic-the-gathering-boite-de-boosters-aetherdrift-12-boosters-collector-francais","status":"publish","type":"product","link":"https:\/\/www.tyzeftcg.fr\/index.php\/produit\/magic-the-gathering-boite-de-boosters-aetherdrift-12-boosters-collector-francais\/","title":{"rendered":"Magic the Gathering &#8211; Boite de Boosters &#8211; Aetherdrift &#8211; 12 Boosters Collector (Fran\u00e7ais)"},"content":{"rendered":"<p>Bo\u00eete de 12 boosters collectors Aetherdrift en fran\u00e7ais.<\/p>\n<p>D\u00e9marrez votre moteur pour une course mortelle \u00e0 travers le Multivers dans Aetherdrift!<br \/>\nPlus d&rsquo;informations sur les produits Aetherdrift arriveront bient\u00f4t en quatri\u00e8me vitesse sur cette page.<\/p>\n<p>Le booster collector est parfait pour les collectionneurs recherchant des cartes rares et des versions alternatives magnifiques, dont certaines ne sont disponibles dans aucun autre produit de l&rsquo;\u00e9dition.<\/p>\n<p>12 boosters collector Aetherdrift ; chaque booster contient :<\/p>\n<p>&#8211; 15 cartes Magic: The Gathering au total<br \/>\n&#8211; 12 \u00e0 13 cartes foil traditionnel<br \/>\n&#8211; 5 cartes rares ou mythiques rares<br \/>\n&#8211; 4 cartes uncos<br \/>\n&#8211; 5 cartes communes<br \/>\n&#8211; 1 carte de terrain<\/p>\n","protected":false},"excerpt":{"rendered":"<p>Bo\u00eete de 12 boosters collectors Aetherdrift en fran\u00e7ais<\/p>\n","protected":false},"featured_media":188,"comment_status":"open","ping_status":"closed","template":"","meta":[],"product_brand":[22],"product_cat":[27,26],"product_tag":[],"class_list":{"0":"post-187","1":"product","2":"type-product","3":"status-publish","4":"has-post-thumbnail","6":"product_brand-magic-the-gathering","7":"product_cat-boite-de-boosters-mtg","8":"product_cat-magic-the-gathering","10":"first","11":"outofstock","12":"taxable","13":"shipping-taxable","14":"purchasable","15":"product-type-simple"},"jetpack_sharing_enabled":true,"_links":{"self":[{"href":"https:\/\/www.tyzeftcg.fr\/index.php\/wp-json\/wp\/v2\/product\/187","targetHints":{"allow":["GET"]}}],"collection":[{"href":"https:\/\/www.tyzeftcg.fr\/index.php\/wp-json\/wp\/v2\/product"}],"about":[{"href":"https:\/\/www.tyzeftcg.fr\/index.php\/wp-json\/wp\/v2\/types\/product"}],"replies":[{"embeddable":true,"href":"https:\/\/www.tyzeftcg.fr\/index.php\/wp-json\/wp\/v2\/comments?post=187"}],"wp:featuredmedia":[{"embeddable":true,"href":"https:\/\/www.tyzeftcg.fr\/index.php\/wp-json\/wp\/v2\/media\/188"}],"wp:attachment":[{"href":"https:\/\/www.tyzeftcg.fr\/index.php\/wp-json\/wp\/v2\/media?parent=187"}],"wp:term":[{"taxonomy":"product_brand","embeddable":true,"href":"https:\/\/www.tyzeftcg.fr\/index.php\/wp-json\/wp\/v2\/product_brand?post=187"},{"taxonomy":"product_cat","embeddable":true,"href":"https:\/\/www.tyzeftcg.fr\/index.php\/wp-json\/wp\/v2\/product_cat?post=187"},{"taxonomy":"product_tag","embeddable":true,"href":"https:\/\/www.tyzeftcg.fr\/index.php\/wp-json\/wp\/v2\/product_tag?post=187"}],"curies":[{"name":"wp","href":"https:\/\/api.w.org\/{rel}","templated":true}]}}