{"id":220,"date":"2025-06-21T10:40:00","date_gmt":"2025-06-21T08:40:00","guid":{"rendered":"https:\/\/www.tyzeftcg.fr\/?post_type=product&#038;p=220"},"modified":"2025-12-15T00:14:35","modified_gmt":"2025-12-14T23:14:35","slug":"3eme-anniversaire-chinois-bonney-scelle-1st-wave-until-31-07","status":"publish","type":"product","link":"https:\/\/www.tyzeftcg.fr\/index.php\/produit\/3eme-anniversaire-chinois-bonney-scelle-1st-wave-until-31-07\/","title":{"rendered":"[Pr\u00e9commande] 3\u00e8me anniversaire Chinois Bonney scell\u00e9"},"content":{"rendered":"<p>Arrivage en D\u00e9cembre 2025, Livraison courant Janvier2026<br \/>\nLangue : Chinois<br \/>\nLa date de disponibilit\u00e9 est une date approximative, nous ne pouvons \u00eates tenu responsable en cas de retard ou d\u2019annulation de commande de la part du fournisseur et ou fabriquant, dans ce cas ci nous vous contacterons.<\/p>\n<ul>\n<li>Nous allons faire le n\u00e9cessaire pour avoir \u00e9norm\u00e9ment de stock car il est \u00e9vident que ce produit va \u00eatre fortement demand\u00e9 au vu des spoilers. Notre habitude et nos relations avec notre partenaire \u00e0 Shanga\u00ef nous garantira du stock. Coffret Troisi\u00e8me Anniversaire Bonney Chinois exclusif scell\u00e9.<\/li>\n<li>Politique de Pr\u00e9commande : Une fois la pr\u00e9commande r\u00e9alis\u00e9e, il n&rsquo;est pu possible de l&rsquo;annuler car cela engage un achat aupr\u00e8s du fournisseur qui n&rsquo;est pas annulable. Merci de votre compr\u00e9hension. Toutes pr\u00e9commandes annul\u00e9es suites \u00e0 un d\u00e9faut de stock de la part du fournisseur sera imm\u00e9diatement et int\u00e9gralement rembours\u00e9e.r\u00e9f\u00e9rence : Chinese 3rd anniversary Bonney sealed<\/li>\n<\/ul>\n","protected":false},"excerpt":{"rendered":"<p>Coffret Troisi\u00e8me Anniversaire Bonney Chinois exclusif scell\u00e9<\/p>\n","protected":false},"featured_media":222,"comment_status":"open","ping_status":"closed","template":"","meta":[],"product_brand":[],"product_cat":[15,31,24],"product_tag":[],"class_list":{"0":"post-220","1":"product","2":"type-product","3":"status-publish","4":"has-post-thumbnail","6":"product_cat-non-classe","7":"product_cat-autres-produits-op","8":"product_cat-one-piece-card-game","9":"product_shipping_class-colis","11":"first","12":"outofstock","13":"taxable","14":"shipping-taxable","15":"purchasable","16":"product-type-simple"},"jetpack_sharing_enabled":true,"_links":{"self":[{"href":"https:\/\/www.tyzeftcg.fr\/index.php\/wp-json\/wp\/v2\/product\/220","targetHints":{"allow":["GET"]}}],"collection":[{"href":"https:\/\/www.tyzeftcg.fr\/index.php\/wp-json\/wp\/v2\/product"}],"about":[{"href":"https:\/\/www.tyzeftcg.fr\/index.php\/wp-json\/wp\/v2\/types\/product"}],"replies":[{"embeddable":true,"href":"https:\/\/www.tyzeftcg.fr\/index.php\/wp-json\/wp\/v2\/comments?post=220"}],"wp:featuredmedia":[{"embeddable":true,"href":"https:\/\/www.tyzeftcg.fr\/index.php\/wp-json\/wp\/v2\/media\/222"}],"wp:attachment":[{"href":"https:\/\/www.tyzeftcg.fr\/index.php\/wp-json\/wp\/v2\/media?parent=220"}],"wp:term":[{"taxonomy":"product_brand","embeddable":true,"href":"https:\/\/www.tyzeftcg.fr\/index.php\/wp-json\/wp\/v2\/product_brand?post=220"},{"taxonomy":"product_cat","embeddable":true,"href":"https:\/\/www.tyzeftcg.fr\/index.php\/wp-json\/wp\/v2\/product_cat?post=220"},{"taxonomy":"product_tag","embeddable":true,"href":"https:\/\/www.tyzeftcg.fr\/index.php\/wp-json\/wp\/v2\/product_tag?post=220"}],"curies":[{"name":"wp","href":"https:\/\/api.w.org\/{rel}","templated":true}]}}